{"id":6466,"date":"2024-07-23T12:48:40","date_gmt":"2024-07-23T11:48:40","guid":{"rendered":"https:\/\/ecalfor.eu\/?page_id=6466"},"modified":"2024-07-24T11:04:09","modified_gmt":"2024-07-24T10:04:09","slug":"sobre-el-encuentro","status":"publish","type":"page","link":"https:\/\/ecalfor.eu\/en\/primer-encuentro-presencial-ecalfor\/sobre-el-encuentro\/","title":{"rendered":"About the meeting"},"content":{"rendered":"<div data-elementor-type=\"wp-page\" data-elementor-id=\"6466\" class=\"elementor elementor-6466\" data-elementor-post-type=\"page\">\n\t\t\t\t\t\t<section class=\"elementor-section elementor-top-section elementor-element elementor-element-22e932e elementor-section-boxed elementor-section-height-default elementor-section-height-default\" data-id=\"22e932e\" data-element_type=\"section\">\n\t\t\t\t\t\t<div class=\"elementor-container elementor-column-gap-default\">\n\t\t\t\t\t<div class=\"elementor-column elementor-col-50 elementor-top-column elementor-element elementor-element-0fbc607\" data-id=\"0fbc607\" data-element_type=\"column\">\n\t\t\t<div class=\"elementor-widget-wrap elementor-element-populated\">\n\t\t\t\t\t\t<div class=\"elementor-element elementor-element-7ce686a elementor-widget__width-initial elementor-widget elementor-widget-image\" data-id=\"7ce686a\" data-element_type=\"widget\" data-widget_type=\"image.default\">\n\t\t\t\t<div class=\"elementor-widget-container\">\n\t\t\t\t\t\t\t\t\t\t\t\t\t\t\t<img fetchpriority=\"high\" decoding=\"async\" width=\"800\" height=\"187\" src=\"https:\/\/ecalfor.eu\/wp-content\/uploads\/2021\/06\/Ecalfor-Horizontal-Color-1024x239.png\" class=\"attachment-large size-large wp-image-3288\" alt=\"Ecalfor Horizontal Color\" srcset=\"https:\/\/ecalfor.eu\/wp-content\/uploads\/2021\/06\/Ecalfor-Horizontal-Color-1024x239.png 1024w, https:\/\/ecalfor.eu\/wp-content\/uploads\/2021\/06\/Ecalfor-Horizontal-Color-300x70.png 300w, https:\/\/ecalfor.eu\/wp-content\/uploads\/2021\/06\/Ecalfor-Horizontal-Color-768x179.png 768w, https:\/\/ecalfor.eu\/wp-content\/uploads\/2021\/06\/elementor\/thumbs\/Ecalfor-Horizontal-Color-pdtp3idpedph7q3avw58c4gmz1a51dltc0wwrpgclm.png 273w, https:\/\/ecalfor.eu\/wp-content\/uploads\/2021\/06\/Ecalfor-Horizontal-Color.png 1208w\" sizes=\"(max-width: 800px) 100vw, 800px\" \/>\t\t\t\t\t\t\t\t\t\t\t\t\t\t\t<\/div>\n\t\t\t\t<\/div>\n\t\t\t\t\t<\/div>\n\t\t<\/div>\n\t\t\t\t<div class=\"elementor-column elementor-col-50 elementor-top-column elementor-element elementor-element-6279462\" data-id=\"6279462\" data-element_type=\"column\">\n\t\t\t<div class=\"elementor-widget-wrap elementor-element-populated\">\n\t\t\t\t\t\t<div class=\"elementor-element elementor-element-b2d1895 elementor-widget elementor-widget-image\" data-id=\"b2d1895\" data-element_type=\"widget\" data-widget_type=\"image.default\">\n\t\t\t\t<div class=\"elementor-widget-container\">\n\t\t\t\t\t\t\t\t\t\t\t\t\t\t\t<img decoding=\"async\" width=\"300\" height=\"75\" src=\"https:\/\/ecalfor.eu\/wp-content\/uploads\/2021\/04\/Logo-Co-Funded-by-Erasmus-300x75-1.jpg\" class=\"attachment-large size-large wp-image-3481\" alt=\"\" \/>\t\t\t\t\t\t\t\t\t\t\t\t\t\t\t<\/div>\n\t\t\t\t<\/div>\n\t\t\t\t\t<\/div>\n\t\t<\/div>\n\t\t\t\t\t<\/div>\n\t\t<\/section>\n\t\t\t\t<section class=\"elementor-section elementor-top-section elementor-element elementor-element-3c7d112 elementor-section-boxed elementor-section-height-default elementor-section-height-default\" data-id=\"3c7d112\" data-element_type=\"section\">\n\t\t\t\t\t\t<div class=\"elementor-container elementor-column-gap-default\">\n\t\t\t\t\t<div class=\"elementor-column elementor-col-100 elementor-top-column elementor-element elementor-element-893fc58\" data-id=\"893fc58\" data-element_type=\"column\">\n\t\t\t<div class=\"elementor-widget-wrap elementor-element-populated\">\n\t\t\t\t\t\t<div class=\"elementor-element elementor-element-75190d8 elementor-widget elementor-widget-heading\" data-id=\"75190d8\" data-element_type=\"widget\" data-widget_type=\"heading.default\">\n\t\t\t\t<div class=\"elementor-widget-container\">\n\t\t\t\t\t<h2 class=\"elementor-heading-title elementor-size-default\">About the meeting<\/h2>\t\t\t\t<\/div>\n\t\t\t\t<\/div>\n\t\t\t\t\t<\/div>\n\t\t<\/div>\n\t\t\t\t\t<\/div>\n\t\t<\/section>\n\t\t\t\t<section class=\"elementor-section elementor-top-section elementor-element elementor-element-e40d5da elementor-section-boxed elementor-section-height-default elementor-section-height-default\" data-id=\"e40d5da\" data-element_type=\"section\">\n\t\t\t\t\t\t<div class=\"elementor-container elementor-column-gap-default\">\n\t\t\t\t\t<div class=\"elementor-column elementor-col-100 elementor-top-column elementor-element elementor-element-621e824\" data-id=\"621e824\" data-element_type=\"column\">\n\t\t\t<div class=\"elementor-widget-wrap elementor-element-populated\">\n\t\t\t\t\t\t<section class=\"elementor-section elementor-inner-section elementor-element elementor-element-7575832 elementor-section-boxed elementor-section-height-default elementor-section-height-default\" data-id=\"7575832\" data-element_type=\"section\">\n\t\t\t\t\t\t<div class=\"elementor-container elementor-column-gap-default\">\n\t\t\t\t\t<div class=\"elementor-column elementor-col-100 elementor-inner-column elementor-element elementor-element-931dd71\" data-id=\"931dd71\" data-element_type=\"column\">\n\t\t\t<div class=\"elementor-widget-wrap elementor-element-populated\">\n\t\t\t\t\t\t<div class=\"elementor-element elementor-element-06018fc elementor-align-center elementor-widget elementor-widget-button\" data-id=\"06018fc\" data-element_type=\"widget\" data-widget_type=\"button.default\">\n\t\t\t\t<div class=\"elementor-widget-container\">\n\t\t\t\t\t\t\t\t\t<div class=\"elementor-button-wrapper\">\n\t\t\t\t\t<a class=\"elementor-button elementor-button-link elementor-size-md\" href=\"https:\/\/ecalfor.eu\/en\/primer-encuentro-presencial-ecalfor\/\">\n\t\t\t\t\t\t<span class=\"elementor-button-content-wrapper\">\n\t\t\t\t\t\t<span class=\"elementor-button-icon\">\n\t\t\t\t<i aria-hidden=\"true\" class=\"fas fa-backward\"><\/i>\t\t\t<\/span>\n\t\t\t\t\t\t\t\t\t<span class=\"elementor-button-text\">FIRST ECALFOR MEETING AT THE AUTONOMOUS UNIVERSITY OF YUCATAN (UADY, MEXICO)<\/span>\n\t\t\t\t\t<\/span>\n\t\t\t\t\t<\/a>\n\t\t\t\t<\/div>\n\t\t\t\t\t\t\t\t<\/div>\n\t\t\t\t<\/div>\n\t\t\t\t<div class=\"elementor-element elementor-element-950e6a3 elementor-widget elementor-widget-image\" data-id=\"950e6a3\" data-element_type=\"widget\" data-widget_type=\"image.default\">\n\t\t\t\t<div class=\"elementor-widget-container\">\n\t\t\t\t\t\t\t\t\t\t\t\t<figure class=\"wp-caption\">\n\t\t\t\t\t\t\t\t\t\t\t<a href=\"https:\/\/ecalfor.eu\/wp-content\/uploads\/2024\/07\/Programa-reunion-ECALFOR-Merida.pdf\">\n\t\t\t\t\t\t\t<img decoding=\"async\" width=\"777\" height=\"943\" src=\"https:\/\/ecalfor.eu\/wp-content\/uploads\/2024\/07\/CapturaPROGRAMAMERIDA.jpg\" class=\"attachment-large size-large wp-image-6525\" alt=\"Capturaprogramam\u00c9rida\" srcset=\"https:\/\/ecalfor.eu\/wp-content\/uploads\/2024\/07\/CapturaPROGRAMAMERIDA.jpg 777w, https:\/\/ecalfor.eu\/wp-content\/uploads\/2024\/07\/CapturaPROGRAMAMERIDA-247x300.jpg 247w, https:\/\/ecalfor.eu\/wp-content\/uploads\/2024\/07\/CapturaPROGRAMAMERIDA-768x932.jpg 768w, https:\/\/ecalfor.eu\/wp-content\/uploads\/2024\/07\/CapturaPROGRAMAMERIDA-10x12.jpg 10w\" sizes=\"(max-width: 777px) 100vw, 777px\" \/>\t\t\t\t\t\t\t\t<\/a>\n\t\t\t\t\t\t\t\t\t\t\t<figcaption class=\"widget-image-caption wp-caption-text\">CLICK ON THE IMAGE TO OPEN THE PROGRAM OF THE FIRST IN-PERSON MEETING<\/figcaption>\n\t\t\t\t\t\t\t\t\t\t<\/figure>\n\t\t\t\t\t\t\t\t\t<\/div>\n\t\t\t\t<\/div>\n\t\t\t\t\t<\/div>\n\t\t<\/div>\n\t\t\t\t\t<\/div>\n\t\t<\/section>\n\t\t\t\t\t<\/div>\n\t\t<\/div>\n\t\t\t\t\t<\/div>\n\t\t<\/section>\n\t\t\t\t<section class=\"elementor-section elementor-top-section elementor-element elementor-element-85c2f3d elementor-section-boxed elementor-section-height-default elementor-section-height-default\" data-id=\"85c2f3d\" data-element_type=\"section\">\n\t\t\t\t\t\t<div class=\"elementor-container elementor-column-gap-default\">\n\t\t\t\t\t<div class=\"elementor-column elementor-col-100 elementor-top-column elementor-element elementor-element-7437c4a\" data-id=\"7437c4a\" data-element_type=\"column\">\n\t\t\t<div class=\"elementor-widget-wrap elementor-element-populated\">\n\t\t\t\t\t\t<div class=\"elementor-element elementor-element-d71283f elementor-widget elementor-widget-text-editor\" data-id=\"d71283f\" data-element_type=\"widget\" data-widget_type=\"text-editor.default\">\n\t\t\t\t<div class=\"elementor-widget-container\">\n\t\t\t\t\t\t\t\t\t<p>Below you will find a video about the meeting in M\u00e9rida (Yucat\u00e1n) prepared by Televisi\u00f3n Melilla:<\/p>\t\t\t\t\t\t\t\t<\/div>\n\t\t\t\t<\/div>\n\t\t\t\t\t<\/div>\n\t\t<\/div>\n\t\t\t\t\t<\/div>\n\t\t<\/section>\n\t\t\t\t<section class=\"elementor-section elementor-top-section elementor-element elementor-element-7b48b45 elementor-section-boxed elementor-section-height-default elementor-section-height-default\" data-id=\"7b48b45\" data-element_type=\"section\">\n\t\t\t\t\t\t<div class=\"elementor-container elementor-column-gap-default\">\n\t\t\t\t\t<div class=\"elementor-column elementor-col-100 elementor-top-column elementor-element elementor-element-d1e7602\" data-id=\"d1e7602\" data-element_type=\"column\">\n\t\t\t<div class=\"elementor-widget-wrap elementor-element-populated\">\n\t\t\t\t\t\t<div class=\"elementor-element elementor-element-f30f9a3 elementor-widget elementor-widget-video\" data-id=\"f30f9a3\" data-element_type=\"widget\" data-settings=\"{&quot;youtube_url&quot;:&quot;https:\\\/\\\/youtu.be\\\/aPWUh1sOflM&quot;,&quot;video_type&quot;:&quot;youtube&quot;,&quot;controls&quot;:&quot;yes&quot;}\" data-widget_type=\"video.default\">\n\t\t\t\t<div class=\"elementor-widget-container\">\n\t\t\t\t\t\t\t<div class=\"elementor-wrapper elementor-open-inline\">\n\t\t\t<div class=\"elementor-video\"><\/div>\t\t<\/div>\n\t\t\t\t\t\t<\/div>\n\t\t\t\t<\/div>\n\t\t\t\t\t<\/div>\n\t\t<\/div>\n\t\t\t\t\t<\/div>\n\t\t<\/section>\n\t\t\t\t<section class=\"elementor-section elementor-top-section elementor-element elementor-element-83dc47e elementor-section-boxed elementor-section-height-default elementor-section-height-default\" data-id=\"83dc47e\" data-element_type=\"section\">\n\t\t\t\t\t\t<div class=\"elementor-container elementor-column-gap-default\">\n\t\t\t\t\t<div class=\"elementor-column elementor-col-100 elementor-top-column elementor-element elementor-element-7af4ffd\" data-id=\"7af4ffd\" data-element_type=\"column\">\n\t\t\t<div class=\"elementor-widget-wrap elementor-element-populated\">\n\t\t\t\t\t\t<div class=\"elementor-element elementor-element-b15b789 elementor-widget elementor-widget-text-editor\" data-id=\"b15b789\" data-element_type=\"widget\" data-widget_type=\"text-editor.default\">\n\t\t\t\t<div class=\"elementor-widget-container\">\n\t\t\t\t\t\t\t\t\t<p><strong>Contact us<\/strong><br \/>+34 629051634 \u2013 Only supports WhatsApp<br \/>ecalfor@ugr.es<\/p>\t\t\t\t\t\t\t\t<\/div>\n\t\t\t\t<\/div>\n\t\t\t\t\t<\/div>\n\t\t<\/div>\n\t\t\t\t\t<\/div>\n\t\t<\/section>\n\t\t\t\t<\/div>","protected":false},"excerpt":{"rendered":"<p>About the meeting FIRST ECALFOR MEETING AT THE AUTONOMOUS UNIVERSITY OF YUCATAN (UADY, MEXICO) CLICK ON THE IMAGE TO OPEN THE PROGRAM OF THE FIRST FACE-TO-FACE MEETING Below you will find a video about the meeting in M\u00e9rida (Yucatan) prepared by Televisi\u00f3n Melilla: https:\/\/youtu.be\/aPWUh1sOflM Contact us +34 629051634 \u2013 Only WhatsApp accepted ecalfor@ugr.es<\/p>","protected":false},"author":2,"featured_media":0,"parent":6464,"menu_order":999,"comment_status":"closed","ping_status":"closed","template":"elementor_canvas","meta":{"footnotes":""},"class_list":["post-6466","page","type-page","status-publish","hentry"],"_links":{"self":[{"href":"https:\/\/ecalfor.eu\/en\/wp-json\/wp\/v2\/pages\/6466","targetHints":{"allow":["GET"]}}],"collection":[{"href":"https:\/\/ecalfor.eu\/en\/wp-json\/wp\/v2\/pages"}],"about":[{"href":"https:\/\/ecalfor.eu\/en\/wp-json\/wp\/v2\/types\/page"}],"author":[{"embeddable":true,"href":"https:\/\/ecalfor.eu\/en\/wp-json\/wp\/v2\/users\/2"}],"replies":[{"embeddable":true,"href":"https:\/\/ecalfor.eu\/en\/wp-json\/wp\/v2\/comments?post=6466"}],"version-history":[{"count":0,"href":"https:\/\/ecalfor.eu\/en\/wp-json\/wp\/v2\/pages\/6466\/revisions"}],"up":[{"embeddable":true,"href":"https:\/\/ecalfor.eu\/en\/wp-json\/wp\/v2\/pages\/6464"}],"wp:attachment":[{"href":"https:\/\/ecalfor.eu\/en\/wp-json\/wp\/v2\/media?parent=6466"}],"curies":[{"name":"wp","href":"https:\/\/api.w.org\/{rel}","templated":true}]}}