{"id":5859,"date":"2023-07-13T12:21:31","date_gmt":"2023-07-13T11:21:31","guid":{"rendered":"https:\/\/ecalfor.eu\/?page_id=5859"},"modified":"2023-07-17T13:22:57","modified_gmt":"2023-07-17T12:22:57","slug":"difusion-cientifica","status":"publish","type":"page","link":"https:\/\/ecalfor.eu\/en\/documentos\/difusion-cientifica\/","title":{"rendered":"scientific diffusion"},"content":{"rendered":"<p>In response to the commitments of the ECALFOR project on obtaining results, preparation of academic products and their international dissemination, the publications and contributions that different participants have made with explicit reference to the Ecalfor project are presented in the Scientific Dissemination section.<\/p>\n\n\n\n<p>Firstly, the eight communications that have been published in the minutes of the I ECALFOR INTERNATIONAL CONGRESS and XXXI INFAD PSYCHOLOGY CONGRESS, held in the Autonomous City of Melilla on May 9, 10, 11 and 12, 2022, are listed.<\/p>\n\n\n\n<p>The ECALFOR project -\u201cEvaluation of teacher training in Latin America and the Caribbean. Guarantee of the quality of education titles\u201d, code 618625-EPP-1-2020-1-ES-EPPKA2-CBHE-JP \/ has been granted by the European Commission in 2020, in the Erasmus+ Cooperation for Innovation and the Exchange program of Good Practices, Action Capacity Building in Higher Education, to be developed over three years (January 2021 to January 2024) with funding of 965,045.36 euros.<\/p>\n\n\n\n<p>20 public and private institutions related to the world of education and quality assessment participate in ECALFOR, especially Higher Education, from six countries in Latin America and the Caribbean (Ecuador, Peru, Mexico, Brazil, Panama and Dominican Republic) and four EU countries (Spain, Italy, France and Finland). Within this broad consortium, the project is carried out by more than 100 educational quality academics and technicians, with a series of objectives that are related to common premises established in the European Higher Education Area in relation to the structure and operation of training. university and diversity and autonomy of Higher Education Institutions, in which quality assurance is determined by the protocols and instruments used by each institution in the evaluation of indicators and results of the quality of university education, in this case the compulsory education teachers.<\/p>\n\n\n\n<p>ECALFOR intends to generalize the accumulated European experience in quality assurance mechanisms and procedures to be transferred, adapted and contextualized to the associated project countries in Latin America and the Caribbean, from a collaborative, horizontal and transnational work that articulates the following objectives:<\/p>\n\n\n\n<ol class=\"wp-block-list\">\n<li>Carry out a diagnosis on the quality of the training of compulsory education teachers (primary education and secondary education) that is taught in different higher education institutions in Latin America and the Caribbean.<\/li>\n\n\n\n<li>Design, apply and improve the systems and protocols for guaranteeing the quality of university qualifications for the training of compulsory education teachers.<\/li>\n\n\n\n<li>Carry out an analysis of the characteristics and quality of the training of future teachers of compulsory education centers in primary education and secondary education in Latin America and the Caribbean.<\/li>\n\n\n\n<li>Adapt quality assurance protocols for teacher training degrees in higher education institutions in Latin America and the Caribbean.<\/li>\n<\/ol>\n\n\n\n<div style=\"height:20px\" aria-hidden=\"true\" class=\"wp-block-spacer\"><\/div>\n\n\n\n<p><strong>oswaldo lorenzo<br><\/strong>ECALFOR General Coordinator<\/p>\n\n\n\n<p><strong>Ana Lendinez<br><\/strong>ECALFOR Technical Assistant<\/p>\n\n\n\n<p><strong>Scientific Publications<\/strong>:<\/p>\n\n\n\n<ul class=\"wp-block-list\">\n<li><a rel=\"noreferrer noopener\" href=\"https:\/\/ecalfor.eu\/wp-content\/uploads\/2023\/07\/UNA-SINERGIA-NECESARIA-DE-BUENAS-PRA\u0301CTICAS.pdf\" target=\"_blank\">A NECESSARY SYNERGY OF GOOD PRACTICES<\/a>\n<ul class=\"wp-block-list\">\n<li>Tania Jim\u00e9nez Rosa (Federico Henr\u00edquez y Carvajal University, Dominican Republic)\n<ul class=\"wp-block-list\">\n<li><a href=\"mailto:tania.jimenez@ufhec.edu.do\">tania.jimenez@ufhec.edu.do<\/a><\/li>\n<\/ul>\n<\/li>\n\n\n\n<li>Darwin Mu\u00f1oz (Federico Henr\u00edquez y Carvajal University, Dominican Republic) \n<ul class=\"wp-block-list\">\n<li><a href=\"mailto:darwin.munoz@ufhec.edu.do\">darwin.munoz@ufhec.edu.do<\/a><\/li>\n<\/ul>\n<\/li>\n<\/ul>\n<\/li>\n\n\n\n<li><a rel=\"noreferrer noopener\" href=\"https:\/\/ecalfor.eu\/wp-content\/uploads\/2023\/07\/SISTEMA-DE-GESTIO\u0301N-DE-LA-CALIDAD-Y-GARANTI\u0301A-EN-LA-TITULACIO\u0301N-EN-EDUCACIO\u0301N.pdf\" target=\"_blank\">QUALITY MANAGEMENT SYSTEM AND GUARANTEE IN EDUCATION DEGREES<\/a>\n<ul class=\"wp-block-list\">\n<li>Ana Bertha Luna Miranda (Autonomous University of Tlaxcala, Mexico)\n<ul class=\"wp-block-list\">\n<li><a href=\"mailto:ablumi@hotmail.com\">ablumi@hotmail.com<\/a><\/li>\n<\/ul>\n<\/li>\n\n\n\n<li>C\u00e9sar S\u00e1nchez Olavarr\u00eda (Autonomous University of Tlaxcal, Mexico)\n<ul class=\"wp-block-list\">\n<li><a href=\"mailto:cesarsanchezolavarria@hotmail.com\">cesarsanchezolavarria@hotmail.com<\/a><\/li>\n<\/ul>\n<\/li>\n\n\n\n<li>Mariela Sonia Jim\u00e9nez V\u00e1squez (Autonomous University of Tlaxcala, Mexico)\n<ul class=\"wp-block-list\">\n<li><a href=\"mailto:msjimenez06@hotmail.com\">msjimenez06@hotmail.com<\/a><\/li>\n<\/ul>\n<\/li>\n<\/ul>\n<\/li>\n\n\n\n<li><a rel=\"noreferrer noopener\" href=\"https:\/\/ecalfor.eu\/wp-content\/uploads\/2023\/07\/PLANIFICACIO\u0301N-Y-DESARROLLO-EN-LA-EVALUACIO\u0301N-COMPARATIVA.pdf\" target=\"_blank\">PLANNING AND DEVELOPMENT IN THE BENCHMARK<\/a>\n<ul class=\"wp-block-list\">\n<li>Ligia Isabel Estrada-Vidal (University of Granada, Spain)\n<ul class=\"wp-block-list\">\n<li><a href=\"mailto:ligia@ugr.es\">ligia@ugr.es<\/a><\/li>\n<\/ul>\n<\/li>\n\n\n\n<li>Alena K\u00e1rpava (University of Granada, Spain)\n<ul class=\"wp-block-list\">\n<li><a href=\"mailto:akarpava@ugr.es\">akarpava@ugr.es<\/a><\/li>\n<\/ul>\n<\/li>\n\n\n\n<li>Mar\u00eda Jos\u00e9 Molina-Garc\u00eda (University of Granada, Spain)\n<ul class=\"wp-block-list\">\n<li><a href=\"mailto:mjose@ugr.es\">mjose@ugr.es<\/a><\/li>\n<\/ul>\n<\/li>\n<\/ul>\n<\/li>\n\n\n\n<li><a rel=\"noreferrer noopener\" href=\"https:\/\/ecalfor.eu\/wp-content\/uploads\/2023\/07\/LAS-PRA\u0301CTICAS-EXTERNAS-EN-TI\u0301TULOS-UNIVERSITARIOS-DE-FORMACIO\u0301N.pdf\" target=\"_blank\">EXTERNAL INTERNSHIPS IN UNIVERSITY TRAINING DEGREES<\/a>\n<ul class=\"wp-block-list\">\n<li>Isabel Belmonte Otero (Agency for the Quality of the Galician University System, Spain)\n<ul class=\"wp-block-list\">\n<li><a href=\"mailto:isabel.belmonte@acsug.es\">isabel.belmonte@acsug.es<\/a><\/li>\n<\/ul>\n<\/li>\n\n\n\n<li>M\u00aa Dolores Castro Pais (Agency for the Quality of the Galician University System, Spain)\n<ul class=\"wp-block-list\">\n<li><a href=\"mailto:dolores.castro@acsug.es\">dolores.castro@acsug.es<\/a><\/li>\n<\/ul>\n<\/li>\n\n\n\n<li>Marta M\u00aa Mallo Rey (Agency for the Quality of the Galician University System, Spain)\n<ul class=\"wp-block-list\">\n<li><a href=\"mailto:marta.mallo@acsug.es\">marta.mallo@acsug.es<\/a><\/li>\n<\/ul>\n<\/li>\n<\/ul>\n<\/li>\n\n\n\n<li><a rel=\"noreferrer noopener\" href=\"https:\/\/ecalfor.eu\/wp-content\/uploads\/2023\/07\/IMPLEMENTACIO\u0301N-DE-UNIDADES-DE-CALIDAD-EN-LA-FORMACIO\u0301N-DEL-PROFESORADO.pdf\" target=\"_blank\">IMPLEMENTATION OF QUALITY UNITS IN TEACHER TRAINING<\/a>\n<ul class=\"wp-block-list\">\n<li>Lafont Pascal (Paris Est Cr\u00e9teil University, France)\n<ul class=\"wp-block-list\">\n<li><a href=\"mailto:pascal.lafont@u-pec.fr\">pascal.lafont@u-pec.fr<\/a><\/li>\n<\/ul>\n<\/li>\n\n\n\n<li>Pariat Marcel (University Paris Est Cr\u00e9teil, France)\n<ul class=\"wp-block-list\">\n<li><a href=\"mailto:pariat@u-pec.fr\">pariat@u-pec.fr<\/a><\/li>\n<\/ul>\n<\/li>\n\n\n\n<li>Jordan Souchet (University Paris Est Cr\u00e9teil, France)\n<ul class=\"wp-block-list\">\n<li><a href=\"mailto:malcom.jordan@gmail.com\">malcom.jordan@gmail.com<\/a><\/li>\n<\/ul>\n<\/li>\n\n\n\n<li>Deulceux Sandrine (University Paris Est Cr\u00e9teil, France)\n<ul class=\"wp-block-list\">\n<li><a href=\"mailto:sandrinedeulceux57@hotmail.com\">sandrinedeulceux57@hotmail.com<\/a><\/li>\n<\/ul>\n<\/li>\n\n\n\n<li>Bacha Zohra (Paris Est Cr\u00e9teil University, France)\n<ul class=\"wp-block-list\">\n<li><a href=\"mailto:boujemaa.allali@u-pec.fr\">boujemaa.allali@u-pec.fr<\/a><\/li>\n<\/ul>\n<\/li>\n<\/ul>\n<\/li>\n\n\n\n<li><a href=\"https:\/\/ecalfor.eu\/wp-content\/uploads\/2023\/07\/CREACIO\u0301N-DE-UNA-UNIDAD-DE-CALIDAD-EN-UNA-UNIVERSIDAD-MEXICANA.pdf\">CREATION OF A QUALITY UNIT IN A MEXICAN UNIVERSITY<\/a>\n<ul class=\"wp-block-list\">\n<li>Pedro Jos\u00e9 Canto Herrera (Autonomous University of Yucat\u00e1n, Mexico)\n<ul class=\"wp-block-list\">\n<li><a href=\"mailto:pcanto@correo.uady.mx\">pcanto@correo.uady.mx<\/a><\/li>\n<\/ul>\n<\/li>\n\n\n\n<li>Marisa del Socorro Zaldivar Acosta (Autonomous University of Yucatan, Mexico)\n<ul class=\"wp-block-list\">\n<li><a href=\"mailto:marisa.zaldivar@correo.uady.mx\">marisa.zaldivar@correo.uady.mx<\/a><\/li>\n<\/ul>\n<\/li>\n<\/ul>\n<\/li>\n\n\n\n<li><a rel=\"noreferrer noopener\" href=\"https:\/\/ecalfor.eu\/wp-content\/uploads\/2023\/07\/ANA\u0301LISIS-DEL-TRABAJO-COLABORATIVO-EN-LA-EVALUACIO\u0301N-DE-TI\u0301TULOS-FORMATIVOS.pdf\" target=\"_blank\">ANALYSIS OF COLLABORATIVE WORK IN THE EVALUATION OF TRAINING TITLES<\/a>\n<ul class=\"wp-block-list\">\n<li>Alena K\u00e1rpava (University of Granada, Spain)\n<ul class=\"wp-block-list\">\n<li><a href=\"mailto:akarpava@ugr.es\">akarpava@ugr.es<\/a><\/li>\n<\/ul>\n<\/li>\n\n\n\n<li>Ligia Isabel Estrada-Vidal (University of Granada, Spain)\n<ul class=\"wp-block-list\">\n<li><a href=\"mailto:ligia@ugr.es\">ligia@ugr.es<\/a><\/li>\n<\/ul>\n<\/li>\n\n\n\n<li>Carmen Enrique-Mir\u00f3n (University of Granada, Spain)\n<ul class=\"wp-block-list\">\n<li><a href=\"mailto:cenrique@ugr.es\">cenrique@ugr.es<\/a><\/li>\n<\/ul>\n<\/li>\n<\/ul>\n<\/li>\n\n\n\n<li><a rel=\"noreferrer noopener\" href=\"https:\/\/ecalfor.eu\/wp-content\/uploads\/2023\/07\/ANA\u0301LISIS-DEL-SISTEMA-DE-GESTIO\u0301N-DE-LA-CALIDAD-DEL-CIIDET.pdf\" target=\"_blank\">ANALYSIS OF THE CIIDET QUALITY MANAGEMENT SYSTEM<\/a>\n<ul class=\"wp-block-list\">\n<li>Rogelio Pino Orozco (TecNM \/ Interdisciplinary Center for Research and Teaching in Technical Education, Mexico)\n<ul class=\"wp-block-list\">\n<li><a href=\"mailto:rpino@ciidet.edu.mx\">rpino@ciidet.edu.mx<\/a><\/li>\n<\/ul>\n<\/li>\n\n\n\n<li>Jos\u00e9 Antonio Calder\u00f3n (Mart\u00ednez TecNM \/ Interdisciplinary Center for Research and Teaching in Technical Education, Mexico)\n<ul class=\"wp-block-list\">\n<li><a href=\"mailto:direccion@ciidet.edu.mx\">direccion@ciidet.edu.mx<\/a><\/li>\n<\/ul>\n<\/li>\n<\/ul>\n<\/li>\n<\/ul>","protected":false},"excerpt":{"rendered":"<p>In accordance with the commitments of the ECALFOR project regarding obtaining results, developing academic products and international dissemination thereof, in the Scientific Dissemination section, the publications and contributions that different participants have made are presented with explicit reference to the Ecalfor project. Firstly, the eight communications that were [\u2026]<\/p>","protected":false},"author":2,"featured_media":5861,"parent":1701,"menu_order":0,"comment_status":"closed","ping_status":"closed","template":"","meta":{"footnotes":""},"class_list":["post-5859","page","type-page","status-publish","has-post-thumbnail","hentry"],"_links":{"self":[{"href":"https:\/\/ecalfor.eu\/en\/wp-json\/wp\/v2\/pages\/5859","targetHints":{"allow":["GET"]}}],"collection":[{"href":"https:\/\/ecalfor.eu\/en\/wp-json\/wp\/v2\/pages"}],"about":[{"href":"https:\/\/ecalfor.eu\/en\/wp-json\/wp\/v2\/types\/page"}],"author":[{"embeddable":true,"href":"https:\/\/ecalfor.eu\/en\/wp-json\/wp\/v2\/users\/2"}],"replies":[{"embeddable":true,"href":"https:\/\/ecalfor.eu\/en\/wp-json\/wp\/v2\/comments?post=5859"}],"version-history":[{"count":0,"href":"https:\/\/ecalfor.eu\/en\/wp-json\/wp\/v2\/pages\/5859\/revisions"}],"up":[{"embeddable":true,"href":"https:\/\/ecalfor.eu\/en\/wp-json\/wp\/v2\/pages\/1701"}],"wp:featuredmedia":[{"embeddable":true,"href":"https:\/\/ecalfor.eu\/en\/wp-json\/wp\/v2\/media\/5861"}],"wp:attachment":[{"href":"https:\/\/ecalfor.eu\/en\/wp-json\/wp\/v2\/media?parent=5859"}],"curies":[{"name":"wp","href":"https:\/\/api.w.org\/{rel}","templated":true}]}}